{"id":124,"date":"2025-03-29T07:16:07","date_gmt":"2025-03-29T05:16:07","guid":{"rendered":"https:\/\/lh8.f14.mytemp.website\/?page_id=124"},"modified":"2025-12-16T16:30:22","modified_gmt":"2025-12-16T14:30:22","slug":"join-us","status":"publish","type":"page","link":"https:\/\/npgandour.com\/fr\/join-us\/","title":{"rendered":"Rejoignez-Nous"},"content":{"rendered":"\t\t<div data-elementor-type=\"wp-page\" data-elementor-id=\"124\" class=\"elementor elementor-124\" data-elementor-post-type=\"page\">\n\t\t\t\t<div class=\"elementor-element elementor-element-255d4ab e-flex e-con-boxed e-con e-parent\" data-id=\"255d4ab\" data-element_type=\"container\" data-e-type=\"container\">\n\t\t\t\t\t<div class=\"e-con-inner\">\n\t\t\t\t<div class=\"elementor-element elementor-element-7c9335d elementor-widget elementor-widget-heading\" data-id=\"7c9335d\" data-element_type=\"widget\" data-e-type=\"widget\" data-widget_type=\"heading.default\">\n\t\t\t\t\t<p class=\"elementor-heading-title elementor-size-default\"><a href=\"\/\">ACCUEIL<\/a><\/p>\t\t\t\t<\/div>\n\t\t\t\t<div class=\"elementor-element elementor-element-82af5e3 elementor-view-default elementor-widget elementor-widget-icon\" data-id=\"82af5e3\" data-element_type=\"widget\" data-e-type=\"widget\" data-widget_type=\"icon.default\">\n\t\t\t\t\t\t\t<div class=\"elementor-icon-wrapper\">\n\t\t\t<div class=\"elementor-icon\">\n\t\t\t<svg aria-hidden=\"true\" class=\"e-font-icon-svg e-fas-chevron-right\" viewBox=\"0 0 320 512\" xmlns=\"http:\/\/www.w3.org\/2000\/svg\"><path d=\"M285.476 272.971L91.132 467.314c-9.373 9.373-24.569 9.373-33.941 0l-22.667-22.667c-9.357-9.357-9.375-24.522-.04-33.901L188.505 256 34.484 101.255c-9.335-9.379-9.317-24.544.04-33.901l22.667-22.667c9.373-9.373 24.569-9.373 33.941 0L285.475 239.03c9.373 9.372 9.373 24.568.001 33.941z\"><\/path><\/svg>\t\t\t<\/div>\n\t\t<\/div>\n\t\t\t\t\t\t<\/div>\n\t\t\t\t\t<\/div>\n\t\t\t\t<\/div>\n\t\t<div class=\"elementor-element elementor-element-3565196 e-flex e-con-boxed e-con e-parent\" data-id=\"3565196\" data-element_type=\"container\" data-e-type=\"container\">\n\t\t\t\t\t<div class=\"e-con-inner\">\n\t\t\t\t<div class=\"elementor-element elementor-element-038058b elementor-widget elementor-widget-heading\" data-id=\"038058b\" data-element_type=\"widget\" data-e-type=\"widget\" data-widget_type=\"heading.default\">\n\t\t\t\t\t<h2 class=\"elementor-heading-title elementor-size-default\">Rejoignez-Nous<\/h2>\t\t\t\t<\/div>\n\t\t\t\t<div class=\"elementor-element elementor-element-15bb0a5 elementor-widget__width-initial elementor-widget elementor-widget-text-editor\" data-id=\"15bb0a5\" data-element_type=\"widget\" data-e-type=\"widget\" data-widget_type=\"text-editor.default\">\n\t\t\t\t\t\t\t\t\t<p>Des questions? Envoyez-nous un message. Nous y r\u00e9pondrons d\u00e8s que possible.<\/p>\t\t\t\t\t\t\t\t<\/div>\n\t\t\t\t\t<\/div>\n\t\t\t\t<\/div>\n\t\t<div class=\"elementor-element elementor-element-40371da e-flex e-con-boxed e-con e-parent\" data-id=\"40371da\" data-element_type=\"container\" data-e-type=\"container\">\n\t\t\t\t\t<div class=\"e-con-inner\">\n\t\t<div class=\"elementor-element elementor-element-96c7264 e-con-full e-flex e-con e-child\" data-id=\"96c7264\" data-element_type=\"container\" data-e-type=\"container\" data-settings=\"{&quot;background_background&quot;:&quot;classic&quot;}\">\n\t\t\t\t<div class=\"elementor-element elementor-element-b1e27df elementor-widget elementor-widget-wpforms\" data-id=\"b1e27df\" data-element_type=\"widget\" data-e-type=\"widget\" data-widget_type=\"wpforms.default\">\n\t\t\t\t<div class=\"elementor-widget-container\">\n\t\t\t\t\t<style id=\"wpforms-css-vars-root\">\n\t\t\t\t:root {\n\t\t\t\t\t--wpforms-field-border-radius: 3px;\n--wpforms-field-border-style: solid;\n--wpforms-field-border-size: 1px;\n--wpforms-field-background-color: #ffffff;\n--wpforms-field-border-color: rgba( 0, 0, 0, 0.25 );\n--wpforms-field-border-color-spare: rgba( 0, 0, 0, 0.25 );\n--wpforms-field-text-color: rgba( 0, 0, 0, 0.7 );\n--wpforms-field-menu-color: #ffffff;\n--wpforms-label-color: rgba( 0, 0, 0, 0.85 );\n--wpforms-label-sublabel-color: rgba( 0, 0, 0, 0.55 );\n--wpforms-label-error-color: #d63637;\n--wpforms-button-border-radius: 3px;\n--wpforms-button-border-style: none;\n--wpforms-button-border-size: 1px;\n--wpforms-button-background-color: #066aab;\n--wpforms-button-border-color: #066aab;\n--wpforms-button-text-color: #ffffff;\n--wpforms-page-break-color: #066aab;\n--wpforms-background-image: none;\n--wpforms-background-position: center center;\n--wpforms-background-repeat: no-repeat;\n--wpforms-background-size: cover;\n--wpforms-background-width: 100px;\n--wpforms-background-height: 100px;\n--wpforms-background-color: rgba( 0, 0, 0, 0 );\n--wpforms-background-url: none;\n--wpforms-container-padding: 0px;\n--wpforms-container-border-style: none;\n--wpforms-container-border-width: 1px;\n--wpforms-container-border-color: #000000;\n--wpforms-container-border-radius: 3px;\n--wpforms-field-size-input-height: 43px;\n--wpforms-field-size-input-spacing: 15px;\n--wpforms-field-size-font-size: 16px;\n--wpforms-field-size-line-height: 19px;\n--wpforms-field-size-padding-h: 14px;\n--wpforms-field-size-checkbox-size: 16px;\n--wpforms-field-size-sublabel-spacing: 5px;\n--wpforms-field-size-icon-size: 1;\n--wpforms-label-size-font-size: 16px;\n--wpforms-label-size-line-height: 19px;\n--wpforms-label-size-sublabel-font-size: 14px;\n--wpforms-label-size-sublabel-line-height: 17px;\n--wpforms-button-size-font-size: 17px;\n--wpforms-button-size-height: 41px;\n--wpforms-button-size-padding-h: 15px;\n--wpforms-button-size-margin-top: 10px;\n--wpforms-container-shadow-size-box-shadow: none;\n\n\t\t\t\t}\n\t\t\t<\/style><style id=\"wpforms-css-vars-elementor-widget-b1e27df\">\n\t\t\t\t.elementor-widget-wpforms.elementor-element-b1e27df {\n\t\t\t\t\t--wpforms-field-border-radius: 0px;\n--wpforms-field-background-color: #FCFCFC;\n--wpforms-field-border-color: #0020291A;\n--wpforms-field-border-color-spare: #0020291A;\n--wpforms-field-text-color: #00212A;\n--wpforms-label-color: #00212A;\n--wpforms-button-border-radius: 0px;\n--wpforms-button-background-color: #00212A;\n--wpforms-button-text-color: #FCFCFC;\n--wpforms-field-size-input-height: 43px;\n--wpforms-field-size-input-spacing: 15px;\n--wpforms-field-size-font-size: 16px;\n--wpforms-field-size-line-height: 19px;\n--wpforms-field-size-padding-h: 14px;\n--wpforms-field-size-checkbox-size: 16px;\n--wpforms-field-size-sublabel-spacing: 5px;\n--wpforms-field-size-icon-size: 1;\n--wpforms-label-size-font-size: 16px;\n--wpforms-label-size-line-height: 19px;\n--wpforms-label-size-sublabel-font-size: 14px;\n--wpforms-label-size-sublabel-line-height: 17px;\n--wpforms-button-size-font-size: 17px;\n--wpforms-button-size-height: 41px;\n--wpforms-button-size-padding-h: 15px;\n--wpforms-button-size-margin-top: 10px;\n\n\t\t\t\t}\n\t\t\t<\/style><div class=\"wpforms-container wpforms-container-full wpforms-render-modern\" id=\"wpforms-1678\"><form id=\"wpforms-form-1678\" class=\"wpforms-validate wpforms-form wpforms-ajax-form\" data-formid=\"1678\" method=\"post\" enctype=\"multipart\/form-data\" action=\"\/fr\/wp-json\/wp\/v2\/pages\/124?wpforms_form_id=1678\" data-token=\"800b1987f1fb1b6edd38fa7e245b5904\" data-token-time=\"1776798026\"><noscript class=\"wpforms-error-noscript\">Veuillez activer JavaScript dans votre navigateur pour remplir ce formulaire.<\/noscript><div class=\"wpforms-hidden\" id=\"wpforms-error-noscript\">Veuillez activer JavaScript dans votre navigateur pour remplir ce formulaire.<\/div><div class=\"wpforms-field-container\"><div id=\"wpforms-1678-field_11-container\" class=\"wpforms-field wpforms-field-layout\" data-field-id=\"11\"><div class=\"wpforms-field-layout-rows wpforms-field-large\"><div class=\"wpforms-layout-row\"><div class=\"wpforms-layout-column wpforms-layout-column-50\"><div id=\"wpforms-1678-field_15-container\" class=\"wpforms-field wpforms-field-text\" data-field-id=\"15\"><label class=\"wpforms-field-label\" for=\"wpforms-1678-field_15\">Nom <span class=\"wpforms-required-label\" aria-hidden=\"true\">*<\/span><\/label><input type=\"text\" id=\"wpforms-1678-field_15\" class=\"wpforms-field-medium wpforms-field-required\" name=\"wpforms[fields][15]\" placeholder=\"Nom\" aria-errormessage=\"wpforms-1678-field_15-error\" required><\/div><\/div><div class=\"wpforms-layout-column wpforms-layout-column-50\"><div id=\"wpforms-1678-field_14-container\" class=\"wpforms-field wpforms-field-text\" data-field-id=\"14\"><label class=\"wpforms-field-label\" for=\"wpforms-1678-field_14\">Pr\u00e9noms<\/label><input type=\"text\" id=\"wpforms-1678-field_14\" class=\"wpforms-field-medium\" name=\"wpforms[fields][14]\" placeholder=\"Pr\u00e9noms\" aria-errormessage=\"wpforms-1678-field_14-error\" ><\/div><\/div><\/div><div class=\"wpforms-layout-row\"><div class=\"wpforms-layout-column wpforms-layout-column-50\"><div id=\"wpforms-1678-field_4-container\" class=\"wpforms-field wpforms-field-phone\" data-field-id=\"4\"><label class=\"wpforms-field-label\" for=\"wpforms-1678-field_4\">Contact Principal <span class=\"wpforms-required-label\" aria-hidden=\"true\">*<\/span><\/label><input type=\"tel\" id=\"wpforms-1678-field_4\" class=\"wpforms-field-medium wpforms-field-required wpforms-smart-phone-field\" data-rule-smart-phone-field=\"true\" name=\"wpforms[fields][4]\" aria-label=\"Contact Principal\" aria-errormessage=\"wpforms-1678-field_4-error\" required><\/div><\/div><div class=\"wpforms-layout-column wpforms-layout-column-50\"><div id=\"wpforms-1678-field_2-container\" class=\"wpforms-field wpforms-field-email\" data-field-id=\"2\"><label class=\"wpforms-field-label\" for=\"wpforms-1678-field_2\">Email <span class=\"wpforms-required-label\" aria-hidden=\"true\">*<\/span><\/label><input type=\"email\" id=\"wpforms-1678-field_2\" class=\"wpforms-field-medium wpforms-field-required\" name=\"wpforms[fields][2]\" placeholder=\"Email\" spellcheck=\"false\" aria-errormessage=\"wpforms-1678-field_2-error\" required><\/div><\/div><\/div><div class=\"wpforms-layout-row\"><div class=\"wpforms-layout-column wpforms-layout-column-50\"><div id=\"wpforms-1678-field_16-container\" class=\"wpforms-field wpforms-field-payment-select education_level wpforms-field-select-style-classic\" data-field-id=\"16\"><label class=\"wpforms-field-label\" for=\"wpforms-1678-field_16\">Niveau d\u2019\u00e9tude <span class=\"wpforms-required-label\" aria-hidden=\"true\">*<\/span><\/label><select id=\"wpforms-1678-field_16\" class=\"wpforms-payment-price wpforms-field-medium wpforms-field-required\" name=\"wpforms[fields][16]\" required=\"required\"><option value=\"\" class=\"placeholder\" disabled  selected='selected'>Niveau d\u2019\u00e9tude<\/option><option value=\"1\" data-amount=\"10.00\" >Primaire<\/option><option value=\"2\" data-amount=\"25.00\" >Coll\u00e8ge<\/option><option value=\"3\" data-amount=\"50.00\" >Lyc\u00e9e<\/option><option value=\"4\" data-amount=\"75.00\" >Sup\u00e9rieur<\/option><\/select><\/div><\/div><div class=\"wpforms-layout-column wpforms-layout-column-50\"><div id=\"wpforms-1678-field_17-container\" class=\"wpforms-field wpforms-field-payment-select wpforms-field-select-style-classic\" data-field-id=\"17\"><label class=\"wpforms-field-label\" for=\"wpforms-1678-field_17\">Dipl\u00f4me <span class=\"wpforms-required-label\" aria-hidden=\"true\">*<\/span><\/label><select id=\"wpforms-1678-field_17\" class=\"wpforms-payment-price wpforms-field-medium wpforms-field-required\" name=\"wpforms[fields][17]\" required=\"required\"><option value=\"\" class=\"placeholder\" disabled  selected='selected'>Dipl\u00f4me<\/option><option value=\"1\" data-amount=\"10.00\" >CEPE<\/option><option value=\"2\" data-amount=\"25.00\" >Brevet des Coll\u00e8ges<\/option><option value=\"3\" data-amount=\"50.00\" >CAP<\/option><option value=\"4\" data-amount=\"0.00\" >BAC<\/option><option value=\"5\" data-amount=\"0.00\" >Licence\/Bachelor<\/option><option value=\"6\" data-amount=\"0.00\" >Master<\/option><option value=\"7\" data-amount=\"0.00\" >Doctorat<\/option><option value=\"8\" data-amount=\"0.00\" >PHD<\/option><\/select><\/div><\/div><\/div><div class=\"wpforms-layout-row\"><div class=\"wpforms-layout-column wpforms-layout-column-50\"><div id=\"wpforms-1678-field_18-container\" class=\"wpforms-field wpforms-field-payment-select wpforms-field-select-style-classic\" data-field-id=\"18\"><label class=\"wpforms-field-label\" for=\"wpforms-1678-field_18\">Disponibilit\u00e9 <span class=\"wpforms-required-label\" aria-hidden=\"true\">*<\/span><\/label><select id=\"wpforms-1678-field_18\" class=\"wpforms-payment-price wpforms-field-medium wpforms-field-required\" name=\"wpforms[fields][18]\" required=\"required\"><option value=\"\" class=\"placeholder\" disabled  selected='selected'>Disponibilit\u00e9<\/option><option value=\"1\" data-amount=\"10.00\" >Imm\u00e9diate<\/option><option value=\"2\" data-amount=\"25.00\" >\u00c0 N\u00e9gocier<\/option><\/select><\/div><\/div><div class=\"wpforms-layout-column wpforms-layout-column-50\"><div id=\"wpforms-1678-field_20-container\" class=\"wpforms-field wpforms-field-file-upload cv-input\" data-field-id=\"20\"><label class=\"wpforms-field-label\" for=\"wpforms-1678-field_20\">CV <span class=\"wpforms-required-label\" aria-hidden=\"true\">*<\/span><\/label><input type=\"file\" id=\"wpforms-1678-field_20\" class=\"wpforms-field-required\" data-rule-extension=\"jpg,jpeg,jpe,gif,png,bmp,tiff,tif,webp,avif,ico,heic,heif,heics,heifs,asf,asx,wmv,wmx,wm,avi,divx,mov,qt,mpeg,mpg,mpe,mp4,m4v,ogv,webm,mkv,3gp,3gpp,3g2,3gp2,txt,asc,c,cc,h,srt,csv,tsv,ics,rtx,css,vtt,mp3,m4a,m4b,aac,ra,ram,wav,x-wav,ogg,oga,flac,mid,midi,wma,wax,mka,rtf,pdf,class,tar,zip,gz,gzip,rar,7z,psd,xcf,doc,pot,pps,ppt,wri,xla,xls,xlt,xlw,mpp,docx,docm,dotx,dotm,xlsx,xlsm,xlsb,xltx,xltm,xlam,pptx,pptm,ppsx,ppsm,potx,potm,ppam,sldx,sldm,onetoc,onetoc2,onepkg,oxps,xps,odt,odp,ods,odg,odc,odb,odf,wp,wpd,key,numbers,pages,json,svg\" data-rule-maxsize=\"33554432\" name=\"wpforms_1678_20\" accept=\".jpg,.jpeg,.jpe,.gif,.png,.bmp,.tiff,.tif,.webp,.avif,.ico,.heic,.heif,.heics,.heifs,.asf,.asx,.wmv,.wmx,.wm,.avi,.divx,.mov,.qt,.mpeg,.mpg,.mpe,.mp4,.m4v,.ogv,.webm,.mkv,.3gp,.3gpp,.3g2,.3gp2,.txt,.asc,.c,.cc,.h,.srt,.csv,.tsv,.ics,.rtx,.css,.vtt,.mp3,.m4a,.m4b,.aac,.ra,.ram,.wav,.x-wav,.ogg,.oga,.flac,.mid,.midi,.wma,.wax,.mka,.rtf,.pdf,.class,.tar,.zip,.gz,.gzip,.rar,.7z,.psd,.xcf,.doc,.pot,.pps,.ppt,.wri,.xla,.xls,.xlt,.xlw,.mpp,.docx,.docm,.dotx,.dotm,.xlsx,.xlsm,.xlsb,.xltx,.xltm,.xlam,.pptx,.pptm,.ppsx,.ppsm,.potx,.potm,.ppam,.sldx,.sldm,.onetoc,.onetoc2,.onepkg,.oxps,.xps,.odt,.odp,.ods,.odg,.odc,.odb,.odf,.wp,.wpd,.key,.numbers,.pages,.json,.svg\" aria-errormessage=\"wpforms-1678-field_20-error\" required><\/div><\/div><\/div><\/div><\/div><\/div><!-- .wpforms-field-container --><div class=\"wpforms-submit-container\" ><input type=\"hidden\" name=\"wpforms[id]\" value=\"1678\"><input type=\"hidden\" name=\"page_title\" value=\"\"><input type=\"hidden\" name=\"page_url\" value=\"https:\/\/npgandour.com\/fr\/wp-json\/wp\/v2\/pages\/124\"><button type=\"submit\" name=\"wpforms[submit]\" id=\"wpforms-submit-1678\" class=\"wpforms-submit\" data-alt-text=\"Sending...\" data-submit-text=\"ENVOYER\" aria-live=\"assertive\" value=\"wpforms-submit\">ENVOYER<\/button><img decoding=\"async\" src=\"https:\/\/npgandour.com\/wp-content\/plugins\/wpforms\/assets\/images\/submit-spin.svg\" class=\"wpforms-submit-spinner\" style=\"display: none;\" width=\"26\" height=\"26\" alt=\"Chargement en cours\"><\/div><\/form><\/div>  <!-- .wpforms-container -->\t\t\t\t<\/div>\n\t\t\t\t<\/div>\n\t\t\t\t<\/div>\n\t\t\t\t\t<\/div>\n\t\t\t\t<\/div>\n\t\t\t\t<\/div>\n\t\t","protected":false},"excerpt":{"rendered":"<p>ACCUEIL Des questions? Envoyez-nous un message. Nous y r\u00e9pondrons d\u00e8s que possible. Please enable JavaScript in your browser to complete this form.Please enable JavaScript in your browser to complete this form.Nom *Pr\u00e9nomsContact Principal *Email *Niveau d\u2019\u00e9tude *Niveau d\u2019\u00e9tudePrimaireColl\u00e8geLyc\u00e9eSup\u00e9rieurDipl\u00f4me *Dipl\u00f4meCEPEBrevet des Coll\u00e8gesCAPBACLicence\/BachelorMasterDoctoratPHDDisponibilit\u00e9 *Disponibilit\u00e9Imm\u00e9diate\u00c0 N\u00e9gocierCV * ENVOYER<\/p>\n","protected":false},"author":1,"featured_media":0,"parent":0,"menu_order":0,"comment_status":"closed","ping_status":"closed","template":"","meta":{"footnotes":""},"class_list":["post-124","page","type-page","status-publish","hentry"],"yoast_head":"<!-- This site is optimized with the Yoast SEO plugin v27.4 - https:\/\/yoast.com\/product\/yoast-seo-wordpress\/ -->\n<title>Rejoignez-Nous - Gandour<\/title>\n<meta name=\"robots\" content=\"index, follow, max-snippet:-1, max-image-preview:large, max-video-preview:-1\" \/>\n<link rel=\"canonical\" href=\"https:\/\/npgandour.com\/fr\/join-us\/\" \/>\n<meta property=\"og:locale\" content=\"fr_FR\" \/>\n<meta property=\"og:type\" content=\"article\" \/>\n<meta property=\"og:title\" content=\"Rejoignez-Nous - Gandour\" \/>\n<meta property=\"og:description\" content=\"ACCUEIL Des questions? Envoyez-nous un message. Nous y r\u00e9pondrons d\u00e8s que possible. Please enable JavaScript in your browser to complete this form.Please enable JavaScript in your browser to complete this form.Nom *Pr\u00e9nomsContact Principal *Email *Niveau d\u2019\u00e9tude *Niveau d\u2019\u00e9tudePrimaireColl\u00e8geLyc\u00e9eSup\u00e9rieurDipl\u00f4me *Dipl\u00f4meCEPEBrevet des Coll\u00e8gesCAPBACLicence\/BachelorMasterDoctoratPHDDisponibilit\u00e9 *Disponibilit\u00e9Imm\u00e9diate\u00c0 N\u00e9gocierCV * ENVOYER\" \/>\n<meta property=\"og:url\" content=\"https:\/\/npgandour.com\/fr\/join-us\/\" \/>\n<meta property=\"og:site_name\" content=\"Gandour\" \/>\n<meta property=\"article:modified_time\" content=\"2025-12-16T14:30:22+00:00\" \/>\n<meta property=\"og:image\" content=\"https:\/\/lh8.f14.mytemp.website\/wp-content\/plugins\/wpforms\/assets\/images\/submit-spin.svg\" \/>\n<meta name=\"twitter:card\" content=\"summary_large_image\" \/>\n<meta name=\"twitter:label1\" content=\"Dur\u00e9e de lecture estim\u00e9e\" \/>\n\t<meta name=\"twitter:data1\" content=\"1 minute\" \/>\n<script type=\"application\/ld+json\" class=\"yoast-schema-graph\">{\"@context\":\"https:\\\/\\\/schema.org\",\"@graph\":[{\"@type\":\"WebPage\",\"@id\":\"https:\\\/\\\/npgandour.com\\\/fr\\\/join-us\\\/\",\"url\":\"https:\\\/\\\/npgandour.com\\\/fr\\\/join-us\\\/\",\"name\":\"Rejoignez-Nous - Gandour\",\"isPartOf\":{\"@id\":\"https:\\\/\\\/npgandour.com\\\/pt\\\/#website\"},\"primaryImageOfPage\":{\"@id\":\"https:\\\/\\\/npgandour.com\\\/fr\\\/join-us\\\/#primaryimage\"},\"image\":{\"@id\":\"https:\\\/\\\/npgandour.com\\\/fr\\\/join-us\\\/#primaryimage\"},\"thumbnailUrl\":\"https:\\\/\\\/lh8.f14.mytemp.website\\\/wp-content\\\/plugins\\\/wpforms\\\/assets\\\/images\\\/submit-spin.svg\",\"datePublished\":\"2025-03-29T05:16:07+00:00\",\"dateModified\":\"2025-12-16T14:30:22+00:00\",\"breadcrumb\":{\"@id\":\"https:\\\/\\\/npgandour.com\\\/fr\\\/join-us\\\/#breadcrumb\"},\"inLanguage\":\"fr-FR\",\"potentialAction\":[{\"@type\":\"ReadAction\",\"target\":[\"https:\\\/\\\/npgandour.com\\\/fr\\\/join-us\\\/\"]}]},{\"@type\":\"ImageObject\",\"inLanguage\":\"fr-FR\",\"@id\":\"https:\\\/\\\/npgandour.com\\\/fr\\\/join-us\\\/#primaryimage\",\"url\":\"https:\\\/\\\/lh8.f14.mytemp.website\\\/wp-content\\\/plugins\\\/wpforms\\\/assets\\\/images\\\/submit-spin.svg\",\"contentUrl\":\"https:\\\/\\\/lh8.f14.mytemp.website\\\/wp-content\\\/plugins\\\/wpforms\\\/assets\\\/images\\\/submit-spin.svg\"},{\"@type\":\"BreadcrumbList\",\"@id\":\"https:\\\/\\\/npgandour.com\\\/fr\\\/join-us\\\/#breadcrumb\",\"itemListElement\":[{\"@type\":\"ListItem\",\"position\":1,\"name\":\"Home\",\"item\":\"https:\\\/\\\/npgandour.com\\\/pt\\\/\"},{\"@type\":\"ListItem\",\"position\":2,\"name\":\"Rejoignez-Nous\"}]},{\"@type\":\"WebSite\",\"@id\":\"https:\\\/\\\/npgandour.com\\\/pt\\\/#website\",\"url\":\"https:\\\/\\\/npgandour.com\\\/pt\\\/\",\"name\":\"Gandour\",\"description\":\"\",\"publisher\":{\"@id\":\"https:\\\/\\\/npgandour.com\\\/pt\\\/#organization\"},\"potentialAction\":[{\"@type\":\"SearchAction\",\"target\":{\"@type\":\"EntryPoint\",\"urlTemplate\":\"https:\\\/\\\/npgandour.com\\\/pt\\\/?s={search_term_string}\"},\"query-input\":{\"@type\":\"PropertyValueSpecification\",\"valueRequired\":true,\"valueName\":\"search_term_string\"}}],\"inLanguage\":\"fr-FR\"},{\"@type\":\"Organization\",\"@id\":\"https:\\\/\\\/npgandour.com\\\/pt\\\/#organization\",\"name\":\"Gandour\",\"url\":\"https:\\\/\\\/npgandour.com\\\/pt\\\/\",\"logo\":{\"@type\":\"ImageObject\",\"inLanguage\":\"fr-FR\",\"@id\":\"https:\\\/\\\/npgandour.com\\\/pt\\\/#\\\/schema\\\/logo\\\/image\\\/\",\"url\":\"https:\\\/\\\/npgandour.com\\\/wp-content\\\/uploads\\\/2026\\\/02\\\/IMG_2542.png\",\"contentUrl\":\"https:\\\/\\\/npgandour.com\\\/wp-content\\\/uploads\\\/2026\\\/02\\\/IMG_2542.png\",\"width\":576,\"height\":460,\"caption\":\"Gandour\"},\"image\":{\"@id\":\"https:\\\/\\\/npgandour.com\\\/pt\\\/#\\\/schema\\\/logo\\\/image\\\/\"}}]}<\/script>\n<!-- \/ Yoast SEO plugin. -->","yoast_head_json":{"title":"Rejoignez-Nous - Gandour","robots":{"index":"index","follow":"follow","max-snippet":"max-snippet:-1","max-image-preview":"max-image-preview:large","max-video-preview":"max-video-preview:-1"},"canonical":"https:\/\/npgandour.com\/fr\/join-us\/","og_locale":"fr_FR","og_type":"article","og_title":"Rejoignez-Nous - Gandour","og_description":"ACCUEIL Des questions? Envoyez-nous un message. Nous y r\u00e9pondrons d\u00e8s que possible. Please enable JavaScript in your browser to complete this form.Please enable JavaScript in your browser to complete this form.Nom *Pr\u00e9nomsContact Principal *Email *Niveau d\u2019\u00e9tude *Niveau d\u2019\u00e9tudePrimaireColl\u00e8geLyc\u00e9eSup\u00e9rieurDipl\u00f4me *Dipl\u00f4meCEPEBrevet des Coll\u00e8gesCAPBACLicence\/BachelorMasterDoctoratPHDDisponibilit\u00e9 *Disponibilit\u00e9Imm\u00e9diate\u00c0 N\u00e9gocierCV * ENVOYER","og_url":"https:\/\/npgandour.com\/fr\/join-us\/","og_site_name":"Gandour","article_modified_time":"2025-12-16T14:30:22+00:00","og_image":[{"url":"https:\/\/lh8.f14.mytemp.website\/wp-content\/plugins\/wpforms\/assets\/images\/submit-spin.svg","type":"","width":"","height":""}],"twitter_card":"summary_large_image","twitter_misc":{"Dur\u00e9e de lecture estim\u00e9e":"1 minute"},"schema":{"@context":"https:\/\/schema.org","@graph":[{"@type":"WebPage","@id":"https:\/\/npgandour.com\/fr\/join-us\/","url":"https:\/\/npgandour.com\/fr\/join-us\/","name":"Rejoignez-Nous - Gandour","isPartOf":{"@id":"https:\/\/npgandour.com\/pt\/#website"},"primaryImageOfPage":{"@id":"https:\/\/npgandour.com\/fr\/join-us\/#primaryimage"},"image":{"@id":"https:\/\/npgandour.com\/fr\/join-us\/#primaryimage"},"thumbnailUrl":"https:\/\/lh8.f14.mytemp.website\/wp-content\/plugins\/wpforms\/assets\/images\/submit-spin.svg","datePublished":"2025-03-29T05:16:07+00:00","dateModified":"2025-12-16T14:30:22+00:00","breadcrumb":{"@id":"https:\/\/npgandour.com\/fr\/join-us\/#breadcrumb"},"inLanguage":"fr-FR","potentialAction":[{"@type":"ReadAction","target":["https:\/\/npgandour.com\/fr\/join-us\/"]}]},{"@type":"ImageObject","inLanguage":"fr-FR","@id":"https:\/\/npgandour.com\/fr\/join-us\/#primaryimage","url":"https:\/\/lh8.f14.mytemp.website\/wp-content\/plugins\/wpforms\/assets\/images\/submit-spin.svg","contentUrl":"https:\/\/lh8.f14.mytemp.website\/wp-content\/plugins\/wpforms\/assets\/images\/submit-spin.svg"},{"@type":"BreadcrumbList","@id":"https:\/\/npgandour.com\/fr\/join-us\/#breadcrumb","itemListElement":[{"@type":"ListItem","position":1,"name":"Home","item":"https:\/\/npgandour.com\/pt\/"},{"@type":"ListItem","position":2,"name":"Rejoignez-Nous"}]},{"@type":"WebSite","@id":"https:\/\/npgandour.com\/pt\/#website","url":"https:\/\/npgandour.com\/pt\/","name":"Gandour","description":"","publisher":{"@id":"https:\/\/npgandour.com\/pt\/#organization"},"potentialAction":[{"@type":"SearchAction","target":{"@type":"EntryPoint","urlTemplate":"https:\/\/npgandour.com\/pt\/?s={search_term_string}"},"query-input":{"@type":"PropertyValueSpecification","valueRequired":true,"valueName":"search_term_string"}}],"inLanguage":"fr-FR"},{"@type":"Organization","@id":"https:\/\/npgandour.com\/pt\/#organization","name":"Gandour","url":"https:\/\/npgandour.com\/pt\/","logo":{"@type":"ImageObject","inLanguage":"fr-FR","@id":"https:\/\/npgandour.com\/pt\/#\/schema\/logo\/image\/","url":"https:\/\/npgandour.com\/wp-content\/uploads\/2026\/02\/IMG_2542.png","contentUrl":"https:\/\/npgandour.com\/wp-content\/uploads\/2026\/02\/IMG_2542.png","width":576,"height":460,"caption":"Gandour"},"image":{"@id":"https:\/\/npgandour.com\/pt\/#\/schema\/logo\/image\/"}}]}},"_links":{"self":[{"href":"https:\/\/npgandour.com\/fr\/wp-json\/wp\/v2\/pages\/124","targetHints":{"allow":["GET"]}}],"collection":[{"href":"https:\/\/npgandour.com\/fr\/wp-json\/wp\/v2\/pages"}],"about":[{"href":"https:\/\/npgandour.com\/fr\/wp-json\/wp\/v2\/types\/page"}],"author":[{"embeddable":true,"href":"https:\/\/npgandour.com\/fr\/wp-json\/wp\/v2\/users\/1"}],"replies":[{"embeddable":true,"href":"https:\/\/npgandour.com\/fr\/wp-json\/wp\/v2\/comments?post=124"}],"version-history":[{"count":132,"href":"https:\/\/npgandour.com\/fr\/wp-json\/wp\/v2\/pages\/124\/revisions"}],"predecessor-version":[{"id":4957,"href":"https:\/\/npgandour.com\/fr\/wp-json\/wp\/v2\/pages\/124\/revisions\/4957"}],"wp:attachment":[{"href":"https:\/\/npgandour.com\/fr\/wp-json\/wp\/v2\/media?parent=124"}],"curies":[{"name":"wp","href":"https:\/\/api.w.org\/{rel}","templated":true}]}}