{"id":112,"date":"2025-03-29T07:14:05","date_gmt":"2025-03-29T05:14:05","guid":{"rendered":"https:\/\/lh8.f14.mytemp.website\/?page_id=112"},"modified":"2026-01-22T17:08:56","modified_gmt":"2026-01-22T15:08:56","slug":"about","status":"publish","type":"page","link":"https:\/\/npgandour.com\/fr\/about\/","title":{"rendered":"\u00c0 PROPOS"},"content":{"rendered":"\t\t<div data-elementor-type=\"wp-page\" data-elementor-id=\"112\" class=\"elementor elementor-112\" data-elementor-post-type=\"page\">\n\t\t\t\t<div class=\"elementor-element elementor-element-131cd14 e-flex e-con-boxed e-con e-parent\" data-id=\"131cd14\" data-element_type=\"container\" data-e-type=\"container\">\n\t\t\t\t\t<div class=\"e-con-inner\">\n\t\t\t\t<div class=\"elementor-element elementor-element-3699569 elementor-widget elementor-widget-heading\" data-id=\"3699569\" data-element_type=\"widget\" data-e-type=\"widget\" data-widget_type=\"heading.default\">\n\t\t\t\t\t<p class=\"elementor-heading-title elementor-size-default\"><a href=\"\/\">ACCUEIL<\/a><\/p>\t\t\t\t<\/div>\n\t\t\t\t<div class=\"elementor-element elementor-element-9e66b95 elementor-view-default elementor-widget elementor-widget-icon\" data-id=\"9e66b95\" data-element_type=\"widget\" data-e-type=\"widget\" data-widget_type=\"icon.default\">\n\t\t\t\t\t\t\t<div class=\"elementor-icon-wrapper\">\n\t\t\t<div class=\"elementor-icon\">\n\t\t\t<svg aria-hidden=\"true\" class=\"e-font-icon-svg e-fas-chevron-right\" viewBox=\"0 0 320 512\" xmlns=\"http:\/\/www.w3.org\/2000\/svg\"><path d=\"M285.476 272.971L91.132 467.314c-9.373 9.373-24.569 9.373-33.941 0l-22.667-22.667c-9.357-9.357-9.375-24.522-.04-33.901L188.505 256 34.484 101.255c-9.335-9.379-9.317-24.544.04-33.901l22.667-22.667c9.373-9.373 24.569-9.373 33.941 0L285.475 239.03c9.373 9.372 9.373 24.568.001 33.941z\"><\/path><\/svg>\t\t\t<\/div>\n\t\t<\/div>\n\t\t\t\t\t\t<\/div>\n\t\t\t\t\t<\/div>\n\t\t\t\t<\/div>\n\t\t<div class=\"elementor-element elementor-element-d2cd79f e-flex e-con-boxed e-con e-parent\" data-id=\"d2cd79f\" data-element_type=\"container\" data-e-type=\"container\">\n\t\t\t\t\t<div class=\"e-con-inner\">\n\t\t\t\t<div class=\"elementor-element elementor-element-392376f elementor-widget elementor-widget-video\" data-id=\"392376f\" data-element_type=\"widget\" data-e-type=\"widget\" data-settings=\"{&quot;youtube_url&quot;:&quot;https:\\\/\\\/www.youtube.com\\\/watch?v=r2BD5g3StcA&quot;,&quot;video_type&quot;:&quot;youtube&quot;,&quot;controls&quot;:&quot;yes&quot;}\" data-widget_type=\"video.default\">\n\t\t\t\t\t\t\t<div class=\"elementor-wrapper elementor-open-inline\">\n\t\t\t<div class=\"elementor-video\"><\/div>\t\t<\/div>\n\t\t\t\t\t\t<\/div>\n\t\t\t\t\t<\/div>\n\t\t\t\t<\/div>\n\t\t<div class=\"elementor-element elementor-element-d3754a7 e-con-full e-flex e-con e-parent\" data-id=\"d3754a7\" data-element_type=\"container\" data-e-type=\"container\" data-settings=\"{&quot;background_background&quot;:&quot;classic&quot;}\">\n\t\t<div class=\"elementor-element elementor-element-8739ab7 e-flex e-con-boxed e-con e-child\" data-id=\"8739ab7\" data-element_type=\"container\" data-e-type=\"container\">\n\t\t\t\t\t<div class=\"e-con-inner\">\n\t\t<div class=\"elementor-element elementor-element-77edcd7 e-con-full e-flex e-con e-child\" data-id=\"77edcd7\" data-element_type=\"container\" data-e-type=\"container\">\n\t\t\t\t<div class=\"elementor-element elementor-element-bef7419 elementor-widget-tablet__width-inherit elementor-widget elementor-widget-image\" data-id=\"bef7419\" data-element_type=\"widget\" data-e-type=\"widget\" data-widget_type=\"image.default\">\n\t\t\t\t\t\t\t\t\t\t\t\t\t\t\t<img decoding=\"async\" src=\"http:\/\/lh8.f14.mytemp.website\/wp-content\/uploads\/2025\/03\/Frame-1000001298-1.png\" title=\"\" alt=\"\" loading=\"lazy\" \/>\t\t\t\t\t\t\t\t\t\t\t\t\t\t\t<\/div>\n\t\t\t\t<\/div>\n\t\t<div class=\"elementor-element elementor-element-81120b1 e-con-full e-flex e-con e-child\" data-id=\"81120b1\" data-element_type=\"container\" data-e-type=\"container\">\n\t\t\t\t<div class=\"elementor-element elementor-element-f973945 elementor-widget elementor-widget-heading\" data-id=\"f973945\" data-element_type=\"widget\" data-e-type=\"widget\" data-widget_type=\"heading.default\">\n\t\t\t\t\t<h2 class=\"elementor-heading-title elementor-size-default\">Une histoire de beaut\u00e9<\/h2>\t\t\t\t<\/div>\n\t\t\t\t<div class=\"elementor-element elementor-element-ebec61d elementor-widget elementor-widget-text-editor\" data-id=\"ebec61d\" data-element_type=\"widget\" data-e-type=\"widget\" data-widget_type=\"text-editor.default\">\n\t\t\t\t\t\t\t\t\tLa Nouvelle Parfumerie Gandour est n\u00e9e en 1965 de la vision de Monsieur Mahmoud EL GHANDOUR, un homme qui avait pour ambition d\u2019implanter en Afrique un groupe cosm\u00e9tique fort.\u2028\r\n\r\nLeader dans le domaine du cosm\u00e9tique en Afrique de l\u2019Ouest, la Nouvelle Parfumerie Gandour qui valorise la beaut\u00e9 f\u00e9minine depuis plus de cinquante ans est aujourd\u2019hui la marque de beaut\u00e9 de millions d\u2019utilisateurs \u00e0 travers le monde.\r\n\r\nMalgr\u00e9 l\u2019expansion de la marque, la Nouvelle Parfumerie Gandour a conserv\u00e9 ses valeurs, ses convictions et ses principes.\t\t\t\t\t\t\t\t<\/div>\n\t\t\t\t<\/div>\n\t\t\t\t\t<\/div>\n\t\t\t\t<\/div>\n\t\t\t\t<\/div>\n\t\t<div class=\"elementor-element elementor-element-abaa535 e-flex e-con-boxed e-con e-parent\" data-id=\"abaa535\" data-element_type=\"container\" data-e-type=\"container\" data-settings=\"{&quot;background_background&quot;:&quot;classic&quot;}\">\n\t\t\t\t\t<div class=\"e-con-inner\">\n\t\t\t\t<div class=\"elementor-element elementor-element-bffbe99 elementor-widget elementor-widget-text-editor\" data-id=\"bffbe99\" data-element_type=\"widget\" data-e-type=\"widget\" data-widget_type=\"text-editor.default\">\n\t\t\t\t\t\t\t\t\t<p>Tout a commenc\u00e9 avec la vision de Mr El Gandour, un homme passionn\u00e9 par la beaut\u00e9 et la sophistication olfactive. Fort de son expertise et de sa recherche constante de l\u2019excellence, il a cr\u00e9\u00e9 des parfums uniques, d\u00e9licats et envo\u00fbtants qui c\u00e9l\u00e8brent la richesse des sens et l\u2019\u00e9l\u00e9gance intemporelle.<\/p>\n<p><strong>Certifi\u00e9e ISO 9001<\/strong>, la Nouvelle Parfumerie Gandour assure des processus rigoureusement contr\u00f4l\u00e9s, garantissant \u00e0 ses clients des produits alliant efficacit\u00e9, qualit\u00e9, innovation et responsabilit\u00e9 environnementale.<\/p>\n\t\t\t\t\t\t\t\t<\/div>\n\t\t\t\t\t<\/div>\n\t\t\t\t<\/div>\n\t\t<div class=\"elementor-element elementor-element-fccdb84 e-con-full e-flex e-con e-parent\" data-id=\"fccdb84\" data-element_type=\"container\" data-e-type=\"container\" data-settings=\"{&quot;background_background&quot;:&quot;classic&quot;}\">\n\t\t<div class=\"elementor-element elementor-element-c00710c e-flex e-con-boxed e-con e-child\" data-id=\"c00710c\" data-element_type=\"container\" data-e-type=\"container\" data-settings=\"{&quot;background_background&quot;:&quot;classic&quot;}\">\n\t\t\t\t\t<div class=\"e-con-inner\">\n\t\t<div class=\"elementor-element elementor-element-cb59fe7 e-con-full e-flex e-con e-child\" data-id=\"cb59fe7\" data-element_type=\"container\" data-e-type=\"container\">\n\t\t\t\t<div class=\"elementor-element elementor-element-30e7079 elementor-widget elementor-widget-heading\" data-id=\"30e7079\" data-element_type=\"widget\" data-e-type=\"widget\" data-widget_type=\"heading.default\">\n\t\t\t\t\t<h3 class=\"elementor-heading-title elementor-size-default\">LA QUALIT\u00c9 AU COEUR DE NOS ACTIVIT\u00c9S<\/h3>\t\t\t\t<\/div>\n\t\t\t\t<div class=\"elementor-element elementor-element-8c60681 elementor-widget elementor-widget-text-editor\" data-id=\"8c60681\" data-element_type=\"widget\" data-e-type=\"widget\" data-widget_type=\"text-editor.default\">\n\t\t\t\t\t\t\t\t\t<p>Qualit\u00e9 et innovation sont deux valeurs fondamentales de la Nouvelle Parfumerie Gandour.<\/p>\n<p>C\u2019est pourquoi l\u2019entreprise adh\u00e8re strictement aux normes de qualit\u00e9 pour toujours proposer le meilleur en mati\u00e8re de cosm\u00e9tique et de parfumerie.<\/p>\n<p>Des mati\u00e8res premi\u00e8res \u00e0 la distribution du produit fini, chaque \u00e9tape est minutieusement contr\u00f4l\u00e9e dans le respect des exigences r\u00e9glementaires internationales.<\/p>\n<p>De la main d\u2019\u0153uvre qualifi\u00e9e aux \u00e9quipements modernes et hautement automatis\u00e9s, la Nouvelle Parfumerie Gandour ne m\u00e9nage aucun effort pour faire de ses produits les meilleurs du march\u00e9.<\/p>\n\t\t\t\t\t\t\t\t<\/div>\n\t\t\t\t<\/div>\n\t\t<div class=\"elementor-element elementor-element-a5ac4ae e-con-full e-flex e-con e-child\" data-id=\"a5ac4ae\" data-element_type=\"container\" data-e-type=\"container\">\n\t\t\t\t<div class=\"elementor-element elementor-element-2d4e824 elementor-widget elementor-widget-image\" data-id=\"2d4e824\" data-element_type=\"widget\" data-e-type=\"widget\" data-widget_type=\"image.default\">\n\t\t\t\t\t\t\t\t\t\t\t\t\t\t\t<img decoding=\"async\" src=\"http:\/\/lh8.f14.mytemp.website\/wp-content\/uploads\/2025\/03\/shutterstock_529434565-2@2x.png\" title=\"\" alt=\"\" loading=\"lazy\" \/>\t\t\t\t\t\t\t\t\t\t\t\t\t\t\t<\/div>\n\t\t\t\t<\/div>\n\t\t\t\t\t<\/div>\n\t\t\t\t<\/div>\n\t\t\t\t<\/div>\n\t\t\t\t<\/div>\n\t\t","protected":false},"excerpt":{"rendered":"<p>ACCUEIL<\/p>\n","protected":false},"author":1,"featured_media":0,"parent":0,"menu_order":0,"comment_status":"closed","ping_status":"closed","template":"","meta":{"footnotes":""},"class_list":["post-112","page","type-page","status-publish","hentry"],"yoast_head":"<!-- This site is optimized with the Yoast SEO plugin v27.4 - https:\/\/yoast.com\/product\/yoast-seo-wordpress\/ -->\n<title>\u00c0 PROPOS - Gandour<\/title>\n<meta name=\"robots\" content=\"index, follow, max-snippet:-1, max-image-preview:large, max-video-preview:-1\" \/>\n<link rel=\"canonical\" href=\"https:\/\/npgandour.com\/fr\/about\/\" \/>\n<meta property=\"og:locale\" content=\"fr_FR\" \/>\n<meta property=\"og:type\" content=\"article\" \/>\n<meta property=\"og:title\" content=\"\u00c0 PROPOS - Gandour\" \/>\n<meta property=\"og:description\" content=\"ACCUEIL\" \/>\n<meta property=\"og:url\" content=\"https:\/\/npgandour.com\/fr\/about\/\" \/>\n<meta property=\"og:site_name\" content=\"Gandour\" \/>\n<meta property=\"article:modified_time\" content=\"2026-01-22T15:08:56+00:00\" \/>\n<meta name=\"twitter:card\" content=\"summary_large_image\" \/>\n<meta name=\"twitter:label1\" content=\"Dur\u00e9e de lecture estim\u00e9e\" \/>\n\t<meta name=\"twitter:data1\" content=\"2 minutes\" \/>\n<script type=\"application\/ld+json\" class=\"yoast-schema-graph\">{\"@context\":\"https:\\\/\\\/schema.org\",\"@graph\":[{\"@type\":\"WebPage\",\"@id\":\"https:\\\/\\\/npgandour.com\\\/fr\\\/about\\\/\",\"url\":\"https:\\\/\\\/npgandour.com\\\/fr\\\/about\\\/\",\"name\":\"\u00c0 PROPOS - Gandour\",\"isPartOf\":{\"@id\":\"https:\\\/\\\/npgandour.com\\\/pt\\\/#website\"},\"datePublished\":\"2025-03-29T05:14:05+00:00\",\"dateModified\":\"2026-01-22T15:08:56+00:00\",\"breadcrumb\":{\"@id\":\"https:\\\/\\\/npgandour.com\\\/fr\\\/about\\\/#breadcrumb\"},\"inLanguage\":\"fr-FR\",\"potentialAction\":[{\"@type\":\"ReadAction\",\"target\":[\"https:\\\/\\\/npgandour.com\\\/fr\\\/about\\\/\"]}]},{\"@type\":\"BreadcrumbList\",\"@id\":\"https:\\\/\\\/npgandour.com\\\/fr\\\/about\\\/#breadcrumb\",\"itemListElement\":[{\"@type\":\"ListItem\",\"position\":1,\"name\":\"Home\",\"item\":\"https:\\\/\\\/npgandour.com\\\/pt\\\/\"},{\"@type\":\"ListItem\",\"position\":2,\"name\":\"\u00c0 PROPOS\"}]},{\"@type\":\"WebSite\",\"@id\":\"https:\\\/\\\/npgandour.com\\\/pt\\\/#website\",\"url\":\"https:\\\/\\\/npgandour.com\\\/pt\\\/\",\"name\":\"Gandour\",\"description\":\"\",\"publisher\":{\"@id\":\"https:\\\/\\\/npgandour.com\\\/pt\\\/#organization\"},\"potentialAction\":[{\"@type\":\"SearchAction\",\"target\":{\"@type\":\"EntryPoint\",\"urlTemplate\":\"https:\\\/\\\/npgandour.com\\\/pt\\\/?s={search_term_string}\"},\"query-input\":{\"@type\":\"PropertyValueSpecification\",\"valueRequired\":true,\"valueName\":\"search_term_string\"}}],\"inLanguage\":\"fr-FR\"},{\"@type\":\"Organization\",\"@id\":\"https:\\\/\\\/npgandour.com\\\/pt\\\/#organization\",\"name\":\"Gandour\",\"url\":\"https:\\\/\\\/npgandour.com\\\/pt\\\/\",\"logo\":{\"@type\":\"ImageObject\",\"inLanguage\":\"fr-FR\",\"@id\":\"https:\\\/\\\/npgandour.com\\\/pt\\\/#\\\/schema\\\/logo\\\/image\\\/\",\"url\":\"https:\\\/\\\/npgandour.com\\\/wp-content\\\/uploads\\\/2026\\\/02\\\/IMG_2542.png\",\"contentUrl\":\"https:\\\/\\\/npgandour.com\\\/wp-content\\\/uploads\\\/2026\\\/02\\\/IMG_2542.png\",\"width\":576,\"height\":460,\"caption\":\"Gandour\"},\"image\":{\"@id\":\"https:\\\/\\\/npgandour.com\\\/pt\\\/#\\\/schema\\\/logo\\\/image\\\/\"}}]}<\/script>\n<!-- \/ Yoast SEO plugin. -->","yoast_head_json":{"title":"\u00c0 PROPOS - Gandour","robots":{"index":"index","follow":"follow","max-snippet":"max-snippet:-1","max-image-preview":"max-image-preview:large","max-video-preview":"max-video-preview:-1"},"canonical":"https:\/\/npgandour.com\/fr\/about\/","og_locale":"fr_FR","og_type":"article","og_title":"\u00c0 PROPOS - Gandour","og_description":"ACCUEIL","og_url":"https:\/\/npgandour.com\/fr\/about\/","og_site_name":"Gandour","article_modified_time":"2026-01-22T15:08:56+00:00","twitter_card":"summary_large_image","twitter_misc":{"Dur\u00e9e de lecture estim\u00e9e":"2 minutes"},"schema":{"@context":"https:\/\/schema.org","@graph":[{"@type":"WebPage","@id":"https:\/\/npgandour.com\/fr\/about\/","url":"https:\/\/npgandour.com\/fr\/about\/","name":"\u00c0 PROPOS - Gandour","isPartOf":{"@id":"https:\/\/npgandour.com\/pt\/#website"},"datePublished":"2025-03-29T05:14:05+00:00","dateModified":"2026-01-22T15:08:56+00:00","breadcrumb":{"@id":"https:\/\/npgandour.com\/fr\/about\/#breadcrumb"},"inLanguage":"fr-FR","potentialAction":[{"@type":"ReadAction","target":["https:\/\/npgandour.com\/fr\/about\/"]}]},{"@type":"BreadcrumbList","@id":"https:\/\/npgandour.com\/fr\/about\/#breadcrumb","itemListElement":[{"@type":"ListItem","position":1,"name":"Home","item":"https:\/\/npgandour.com\/pt\/"},{"@type":"ListItem","position":2,"name":"\u00c0 PROPOS"}]},{"@type":"WebSite","@id":"https:\/\/npgandour.com\/pt\/#website","url":"https:\/\/npgandour.com\/pt\/","name":"Gandour","description":"","publisher":{"@id":"https:\/\/npgandour.com\/pt\/#organization"},"potentialAction":[{"@type":"SearchAction","target":{"@type":"EntryPoint","urlTemplate":"https:\/\/npgandour.com\/pt\/?s={search_term_string}"},"query-input":{"@type":"PropertyValueSpecification","valueRequired":true,"valueName":"search_term_string"}}],"inLanguage":"fr-FR"},{"@type":"Organization","@id":"https:\/\/npgandour.com\/pt\/#organization","name":"Gandour","url":"https:\/\/npgandour.com\/pt\/","logo":{"@type":"ImageObject","inLanguage":"fr-FR","@id":"https:\/\/npgandour.com\/pt\/#\/schema\/logo\/image\/","url":"https:\/\/npgandour.com\/wp-content\/uploads\/2026\/02\/IMG_2542.png","contentUrl":"https:\/\/npgandour.com\/wp-content\/uploads\/2026\/02\/IMG_2542.png","width":576,"height":460,"caption":"Gandour"},"image":{"@id":"https:\/\/npgandour.com\/pt\/#\/schema\/logo\/image\/"}}]}},"_links":{"self":[{"href":"https:\/\/npgandour.com\/fr\/wp-json\/wp\/v2\/pages\/112","targetHints":{"allow":["GET"]}}],"collection":[{"href":"https:\/\/npgandour.com\/fr\/wp-json\/wp\/v2\/pages"}],"about":[{"href":"https:\/\/npgandour.com\/fr\/wp-json\/wp\/v2\/types\/page"}],"author":[{"embeddable":true,"href":"https:\/\/npgandour.com\/fr\/wp-json\/wp\/v2\/users\/1"}],"replies":[{"embeddable":true,"href":"https:\/\/npgandour.com\/fr\/wp-json\/wp\/v2\/comments?post=112"}],"version-history":[{"count":200,"href":"https:\/\/npgandour.com\/fr\/wp-json\/wp\/v2\/pages\/112\/revisions"}],"predecessor-version":[{"id":5167,"href":"https:\/\/npgandour.com\/fr\/wp-json\/wp\/v2\/pages\/112\/revisions\/5167"}],"wp:attachment":[{"href":"https:\/\/npgandour.com\/fr\/wp-json\/wp\/v2\/media?parent=112"}],"curies":[{"name":"wp","href":"https:\/\/api.w.org\/{rel}","templated":true}]}}